{"id":83,"date":"2015-07-27T17:23:02","date_gmt":"2015-07-27T15:23:02","guid":{"rendered":"http:\/\/www.praxis-feltes.de\/praxis\/?page_id=83"},"modified":"2015-07-28T12:24:33","modified_gmt":"2015-07-28T10:24:33","slug":"chirotherapie","status":"publish","type":"page","link":"https:\/\/www.praxis-feltes.de\/praxis\/leistungen\/chirotherapie\/","title":{"rendered":"Chirotherapie"},"content":{"rendered":"<h3><span style=\"color: #21759b;\">Chirotherapie<\/span><\/h3>\n<p>Die manuelle Medizin, auch Chirotherapie genannt, ist eine Behandlung zur Beseitigung von St\u00f6rungen des Bewegungsapparates.<\/p>\n<p>Einer genauen Diagnostik der zugrundeliegenden Problematik folgt eine Behandlung der Gelenkfunktionsst\u00f6rungen durch einen kurzen, gezielten Bewegungsimpuls.<\/p>\n<p>Diese Therapie steht Ihnen durch meine Ausbildung als \u00c4rztin f\u00fcr Manuelle Medizin im Rahmen meines Leistungsangebotes zur Verf\u00fcgung.<\/p>\n","protected":false},"excerpt":{"rendered":"<p>Chirotherapie Die manuelle Medizin, auch Chirotherapie genannt, ist eine Behandlung zur Beseitigung von St\u00f6rungen des Bewegungsapparates. Einer genauen Diagnostik der zugrundeliegenden Problematik folgt eine Behandlung der Gelenkfunktionsst\u00f6rungen durch einen kurzen, gezielten Bewegungsimpuls. Diese Therapie steht Ihnen durch meine Ausbildung als \u00c4rztin f\u00fcr Manuelle Medizin im Rahmen meines Leistungsangebotes zur Verf\u00fcgung.<\/p>\n","protected":false},"author":1,"featured_media":0,"parent":14,"menu_order":4,"comment_status":"closed","ping_status":"open","template":"","meta":{"footnotes":""},"class_list":["post-83","page","type-page","status-publish","hentry","column","threecol"],"_links":{"self":[{"href":"https:\/\/www.praxis-feltes.de\/praxis\/wp-json\/wp\/v2\/pages\/83"}],"collection":[{"href":"https:\/\/www.praxis-feltes.de\/praxis\/wp-json\/wp\/v2\/pages"}],"about":[{"href":"https:\/\/www.praxis-feltes.de\/praxis\/wp-json\/wp\/v2\/types\/page"}],"author":[{"embeddable":true,"href":"https:\/\/www.praxis-feltes.de\/praxis\/wp-json\/wp\/v2\/users\/1"}],"replies":[{"embeddable":true,"href":"https:\/\/www.praxis-feltes.de\/praxis\/wp-json\/wp\/v2\/comments?post=83"}],"version-history":[{"count":3,"href":"https:\/\/www.praxis-feltes.de\/praxis\/wp-json\/wp\/v2\/pages\/83\/revisions"}],"predecessor-version":[{"id":179,"href":"https:\/\/www.praxis-feltes.de\/praxis\/wp-json\/wp\/v2\/pages\/83\/revisions\/179"}],"up":[{"embeddable":true,"href":"https:\/\/www.praxis-feltes.de\/praxis\/wp-json\/wp\/v2\/pages\/14"}],"wp:attachment":[{"href":"https:\/\/www.praxis-feltes.de\/praxis\/wp-json\/wp\/v2\/media?parent=83"}],"curies":[{"name":"wp","href":"https:\/\/api.w.org\/{rel}","templated":true}]}}