{"id":7,"date":"2015-04-26T22:33:24","date_gmt":"2015-04-26T20:33:24","guid":{"rendered":"http:\/\/www.praxis-feltes.de\/praxis\/?page_id=7"},"modified":"2026-04-28T18:25:42","modified_gmt":"2026-04-28T16:25:42","slug":"aktuelles","status":"publish","type":"page","link":"https:\/\/www.praxis-feltes.de\/praxis\/","title":{"rendered":"Aktuelles"},"content":{"rendered":"<h3><span style=\"color: #21759b;\"><a href=\"https:\/\/www.praxis-feltes.de\/praxis\/wp-content\/uploads\/2015\/04\/praxis_pan_01.jpg\"><img loading=\"lazy\" decoding=\"async\" class=\"alignnone size-full wp-image-126\" src=\"https:\/\/www.praxis-feltes.de\/praxis\/wp-content\/uploads\/2015\/04\/praxis_pan_01.jpg\" alt=\"praxis_pan_01\" width=\"1280\" height=\"410\" srcset=\"https:\/\/www.praxis-feltes.de\/praxis\/wp-content\/uploads\/2015\/04\/praxis_pan_01.jpg 1280w, https:\/\/www.praxis-feltes.de\/praxis\/wp-content\/uploads\/2015\/04\/praxis_pan_01-300x96.jpg 300w, https:\/\/www.praxis-feltes.de\/praxis\/wp-content\/uploads\/2015\/04\/praxis_pan_01-1024x328.jpg 1024w, https:\/\/www.praxis-feltes.de\/praxis\/wp-content\/uploads\/2015\/04\/praxis_pan_01-700x224.jpg 700w\" sizes=\"(max-width: 1280px) 100vw, 1280px\" \/><\/a>Willkommen<\/span><\/h3>\n<p>auf der Website der Praxis Fr. Dr. med. Birgit Feltes in Schweich.<\/p>\n<p>Auf diesen Seiten m\u00f6chte ich Ihnen einen \u00dcberblick \u00fcber meine Leistungen und meine Praxis geben.<\/p>\n<h4><\/h4>\n<h4><span style=\"color: #21759b;\"><strong>Aktuelle Informationen<\/strong><\/span><\/h4>\n<p><span style=\"color: #e2000f;\">&#8211; &#8211; &#8211; &#8211; &#8211; &#8211; &#8211; &#8211; &#8211; &#8211; &#8211; &#8211; &#8211; &#8211; &#8211; &#8211; &#8211; &#8211; &#8211; &#8211; &#8211; &#8211; &#8211; &#8211; &#8211; &#8211; &#8211; &#8211; &#8211; &#8211; &#8211;<\/span><\/p>\n<p><span style=\"color: #e2000f;\"><strong>Die Praxis ist vom 13.05.26 bis zum 22.05.2026 geschlossen.<br \/>\n<em><br \/>\nVertretung in dringenden Notf\u00e4llen:<\/em><\/strong><\/span><br \/>\n13.05. &#8211; 22.05.2026 Praxis Lehnen, Schweich Tel. 06502 9395096<br \/>\n13.05. &#8211; 22.05.2026 Praxis Steffen, Mehring Tel. 06502 5822<br \/>\n15.05.   \u00c4rztlicher Bereitschaftsdienst Mutterhaus 116 117 <\/p>\n<p><em>Bitte vorher telefonisch anmelden!<\/em> <\/p>\n<p><span style=\"color: #e2000f;\">&#8211; &#8211; &#8211; &#8211; &#8211; &#8211; &#8211; &#8211; &#8211; &#8211; &#8211; &#8211; &#8211; &#8211; &#8211; &#8211; &#8211; &#8211; &#8211; &#8211; &#8211; &#8211; &#8211; &#8211; &#8211; &#8211; &#8211; &#8211; &#8211; &#8211; &#8211;<\/span><\/p>\n<p>Sprechstundenzeiten f\u00fcr Patienten <span style=\"color: #e2000f;\">ohne Infekt !<\/span><br \/>\nMo bis Fr von 08:00 bis 11:30 Uhr<br \/>\nMo &amp; Do von 15:30 bis 17:30 Uhr<\/p>\n<p>Sprechstundenzeiten f\u00fcr Patienten <span style=\"color: #e2000f;\">mit Infekt !<\/span><br \/>\nBitte rufen Sie uns vorher an !<\/p>\n<p>Mo bis Fr von 11:30 bis 12:30 Uhr<br \/>\n(Betrifft Patienten mit Halsschmerzen, Husten, Schnupfen, Durchfall)<\/p>\n<p>Bei Fragen rufen Sie uns einfach an.<\/p>\n<p>Praxis Feltes &#8211; rundum versorgt!<br \/>\n<span style=\"color: #e2000f;\">&#8211; &#8211; &#8211; &#8211; &#8211; &#8211; &#8211; &#8211; &#8211; &#8211; &#8211; &#8211; &#8211; &#8211; &#8211; &#8211; &#8211; &#8211; &#8211; &#8211; &#8211; &#8211; &#8211; &#8211; &#8211; &#8211; &#8211; &#8211; &#8211; &#8211; &#8211;<\/span><\/p>\n","protected":false},"excerpt":{"rendered":"<p>Willkommen auf der Website der Praxis Fr. Dr. med. Birgit Feltes in Schweich. Auf diesen Seiten m\u00f6chte ich Ihnen einen \u00dcberblick \u00fcber meine Leistungen und meine Praxis geben. Aktuelle Informationen &#8211; &#8211; &#8211; &#8211; &#8211; &#8211; &#8211; &#8211; &#8211; &#8211; &#8211; &#8211; &#8211; &#8211; &#8211; &#8211; &#8211; &#8211; &#8211; &#8211; &#8230;<\/p>\n","protected":false},"author":1,"featured_media":0,"parent":0,"menu_order":0,"comment_status":"closed","ping_status":"closed","template":"","meta":{"footnotes":""},"class_list":["post-7","page","type-page","status-publish","hentry","column","threecol"],"_links":{"self":[{"href":"https:\/\/www.praxis-feltes.de\/praxis\/wp-json\/wp\/v2\/pages\/7"}],"collection":[{"href":"https:\/\/www.praxis-feltes.de\/praxis\/wp-json\/wp\/v2\/pages"}],"about":[{"href":"https:\/\/www.praxis-feltes.de\/praxis\/wp-json\/wp\/v2\/types\/page"}],"author":[{"embeddable":true,"href":"https:\/\/www.praxis-feltes.de\/praxis\/wp-json\/wp\/v2\/users\/1"}],"replies":[{"embeddable":true,"href":"https:\/\/www.praxis-feltes.de\/praxis\/wp-json\/wp\/v2\/comments?post=7"}],"version-history":[{"count":323,"href":"https:\/\/www.praxis-feltes.de\/praxis\/wp-json\/wp\/v2\/pages\/7\/revisions"}],"predecessor-version":[{"id":781,"href":"https:\/\/www.praxis-feltes.de\/praxis\/wp-json\/wp\/v2\/pages\/7\/revisions\/781"}],"wp:attachment":[{"href":"https:\/\/www.praxis-feltes.de\/praxis\/wp-json\/wp\/v2\/media?parent=7"}],"curies":[{"name":"wp","href":"https:\/\/api.w.org\/{rel}","templated":true}]}}