{"id":37,"date":"2015-04-27T22:24:25","date_gmt":"2015-04-27T20:24:25","guid":{"rendered":"http:\/\/www.praxis-feltes.de\/praxis\/?page_id=37"},"modified":"2018-05-06T12:18:36","modified_gmt":"2018-05-06T10:18:36","slug":"impressum","status":"publish","type":"page","link":"https:\/\/www.praxis-feltes.de\/praxis\/impressum\/","title":{"rendered":"Impressum\/Datenschutzerkl\u00e4rung"},"content":{"rendered":"<h3><span style=\"color: #21759b;\">Impressum<\/span><\/h3>\n<h4><span style=\"color: #21759b;\"><a href=\"https:\/\/www.praxis-feltes.de\/praxis\/datenschutzerklaerung\/\">Unsere Datenschutzerkl\u00e4rung finden Sie hier<\/a><\/span><\/h4>\n<p>&nbsp;<\/p>\n<p>Dr. med. Birgit Feltes<br \/>\nFach\u00e4rztin f\u00fcr Allgemeinmedizin<\/p>\n<p>Br\u00fcckenstra\u00dfe 81<br \/>\n54338 Schweich<\/p>\n<p>Telefon: +49 (0)65 02 &#8211; 20 24 0<br \/>\nFax: +49 (0)65 02 &#8211; 20 24 1<\/p>\n<p>E-Mail: kontakt@praxis-feltes.de<br \/>\nWeb: www.praxis-feltes.de<\/p>\n<p>&nbsp;<\/p>\n<p><span style=\"color: #21759b;\">Gesetzliche Berufsbezeichnung:<\/span><br \/>\nFach\u00e4rztin f\u00fcr Allgemeinmedizin<\/p>\n<p><span style=\"color: #21759b;\">Berufsbezeichnung verliehen in:<\/span><br \/>\nDeutschland<\/p>\n<p><span style=\"color: #21759b;\">Zust\u00e4ndige kassen\u00e4rztliche Vereinigung:<\/span><br \/>\nKassen\u00e4rztliche Vereinigung Rheinland-Pfalz &#8211; www.kv-rlp.de<\/p>\n<p><span style=\"color: #21759b;\">Zust\u00e4ndige Kammer:<\/span><br \/>\nLandes\u00e4rztekammer Rheinland-Pfalz &#8211; www.laek-rlp.de<\/p>\n<p><span style=\"color: #21759b;\">Berufsrechtliche Regelung:<\/span><br \/>\nBerufsordnung: www.laek-rlp.de\/recht\/berufsordnung<br \/>\nHeilberufsgesetz: www.laek-rlp.de\/recht\/heilberufsgesetz<br \/>\nAuch \u00fcber die Seite der Landes\u00e4rztekammer www.laek-rlp.de und die dort eingerichtete Suchfunktion k\u00f6nnen Sie nach den Begriffen \u201eBerufsordnung\u201c oder \u201eHeilberufsgesetz\u201c die entsprechenden Dokumente recherchieren.<\/p>\n<p>Verantwortlich f\u00fcr den Inhalt der Website gem\u00e4\u00df \u00a75 TMG: Dr. Birgit Feltes<\/p>\n<p>&nbsp;<\/p>\n<h4><span style=\"color: #21759b;\">Haftung f\u00fcr Inhalte<\/span><\/h4>\n<p>Die Inhalte unserer Seiten wurden mit gr\u00f6\u00dfter Sorgfalt erstellt. F\u00fcr die Richtigkeit, Vollst\u00e4ndigkeit und Aktualit\u00e4t der Inhalte k\u00f6nnen wir jedoch keine Gew\u00e4hr \u00fcbernehmen. Als Diensteanbieter sind wir gem\u00e4\u00df \u00a7 7 Abs.1 TMG f\u00fcr eigene Inhalte auf diesen Seiten nach den allgemeinen Gesetzen verantwortlich. Nach \u00a7\u00a7 8 bis 10 TMG sind wir als Diensteanbieter jedoch nicht verpflichtet, \u00fcbermittelte oder gespeicherte fremde Informationen zu \u00fcberwachen oder nach Umst\u00e4nden zu forschen, die auf eine rechtswidrige T\u00e4tigkeit hinweisen. Verpflichtungen zur Entfernung oder Sperrung der Nutzung von Informationen nach den allgemeinen Gesetzen bleiben hiervon unber\u00fchrt. Eine diesbez\u00fcgliche Haftung ist jedoch erst ab dem Zeitpunkt der Kenntnis einer konkreten Rechtsverletzung m\u00f6glich. Bei Bekanntwerden von entsprechenden Rechtsverletzungen werden wir diese Inhalte umgehend entfernen.<\/p>\n<h4><span style=\"color: #21759b;\">Abmahnungen<\/span><\/h4>\n<p>Falls Sie vermuten, dass von dieser Website aus eines Ihrer Schutzrechte verletzt wird, im Falle von Domain-Streitigkeiten oder wettbewerbsrechtlichen oder \u00e4hnlichen Problemen, bitten wir Sie, zur Vermeidung unn\u00f6tigen Rechtsstreites und damit verbundener Kosten, uns bereits im Vorfeld, idealerweise umgehend per E-Mail und auch auf dem Postweg, zu kontaktieren, damit z\u00fcgig Abhilfe geschafft werden kann.<br \/>\nBitte nehmen Sie zur Kenntnis:<br \/>\nDie zeitaufwendigere Einschaltung eines Anwaltes zur f\u00fcr den Diensteanbieter kostenpflichtigen Abmahnung entspricht nicht dessen wirklichem oder mutma\u00dflichem Willen. Die Kostennote einer anwaltlichen Abmahnung ohne vorhergehende Kontaktaufnahme mit uns wird im Sinne der gesetzlichen Schadenminderungspflicht als unbegr\u00fcndet zur\u00fcckgewiesen.<\/p>\n<h4><span style=\"color: #21759b;\">Urheberrecht<\/span><\/h4>\n<p>Die durch die Seitenbetreiber erstellten Inhalte und Werke auf diesen Seiten unterliegen dem deutschen Urheberrecht. Die Vervielf\u00e4ltigung, Bearbeitung, Verbreitung und jede Art der Verwertung au\u00dferhalb der Grenzen des Urheberrechtes bed\u00fcrfen der schriftlichen Zustimmung des jeweiligen Autors bzw. Erstellers. Downloads und Kopien dieser Seite sind nur f\u00fcr den privaten, nicht kommerziellen Gebrauch gestattet. Soweit die Inhalte auf dieser Seite nicht vom Betreiber erstellt wurden, werden die Urheberrechte Dritter beachtet. Insbesondere werden Inhalte Dritter als solche gekennzeichnet. Sollten Sie trotzdem auf eine Urheberrechtsverletzung aufmerksam werden, bitten wir um einen entsprechenden Hinweis. Bei Bekanntwerden von Rechtsverletzungen werden wir derartige Inhalte umgehend entfernen.<\/p>\n<h4><span style=\"color: #21759b;\">Datenschutz<\/span><\/h4>\n<p>Die Hinweise in unserer Datenschutzerkl\u00e4rung geben einen \u00dcberblick dar\u00fcber, was mit Ihren personenbezogenen Daten passiert, wenn Sie unsere Website besuchen. Personenbezogene Daten sind alle Daten, mit denen Sie pers\u00f6nlich identifiziert werden k\u00f6nnen.<\/p>\n<p><a href=\"https:\/\/www.praxis-feltes.de\/praxis\/datenschutzerklaerung\/\">Ausf\u00fchrliche Informationen zum Thema Datenschutz entnehmen Sie unserer unter diesem Link erreichbaren Datenschutzerkl\u00e4rung.<\/a><\/p>\n<p>&nbsp;<\/p>\n<p>&nbsp;<\/p>\n<p>Gestaltung und Programmierung durch Blick hoch 3 &#8211; Webdesign &#8211;<a href=\"http:\/\/www.blickhoch3.de\" target=\"_blank\"> www.blickhoch3.de<\/a><\/p>\n","protected":false},"excerpt":{"rendered":"<p>Impressum Unsere Datenschutzerkl\u00e4rung finden Sie hier &nbsp; Dr. med. Birgit Feltes Fach\u00e4rztin f\u00fcr Allgemeinmedizin Br\u00fcckenstra\u00dfe 81 54338 Schweich Telefon: +49 (0)65 02 &#8211; 20 24 0 Fax: +49 (0)65 02 &#8211; 20 24 1 E-Mail: kontakt@praxis-feltes.de Web: www.praxis-feltes.de &nbsp; Gesetzliche Berufsbezeichnung: Fach\u00e4rztin f\u00fcr Allgemeinmedizin Berufsbezeichnung verliehen in: Deutschland Zust\u00e4ndige kassen\u00e4rztliche &#8230;<\/p>\n","protected":false},"author":1,"featured_media":0,"parent":0,"menu_order":7,"comment_status":"closed","ping_status":"open","template":"","meta":{"footnotes":""},"class_list":["post-37","page","type-page","status-publish","hentry","column","threecol"],"_links":{"self":[{"href":"https:\/\/www.praxis-feltes.de\/praxis\/wp-json\/wp\/v2\/pages\/37"}],"collection":[{"href":"https:\/\/www.praxis-feltes.de\/praxis\/wp-json\/wp\/v2\/pages"}],"about":[{"href":"https:\/\/www.praxis-feltes.de\/praxis\/wp-json\/wp\/v2\/types\/page"}],"author":[{"embeddable":true,"href":"https:\/\/www.praxis-feltes.de\/praxis\/wp-json\/wp\/v2\/users\/1"}],"replies":[{"embeddable":true,"href":"https:\/\/www.praxis-feltes.de\/praxis\/wp-json\/wp\/v2\/comments?post=37"}],"version-history":[{"count":23,"href":"https:\/\/www.praxis-feltes.de\/praxis\/wp-json\/wp\/v2\/pages\/37\/revisions"}],"predecessor-version":[{"id":416,"href":"https:\/\/www.praxis-feltes.de\/praxis\/wp-json\/wp\/v2\/pages\/37\/revisions\/416"}],"wp:attachment":[{"href":"https:\/\/www.praxis-feltes.de\/praxis\/wp-json\/wp\/v2\/media?parent=37"}],"curies":[{"name":"wp","href":"https:\/\/api.w.org\/{rel}","templated":true}]}}