{"id":31,"date":"2015-04-27T22:23:04","date_gmt":"2015-04-27T20:23:04","guid":{"rendered":"http:\/\/www.praxis-feltes.de\/praxis\/?page_id=31"},"modified":"2023-11-28T09:33:57","modified_gmt":"2023-11-28T08:33:57","slug":"menuepunkt-4","status":"publish","type":"page","link":"https:\/\/www.praxis-feltes.de\/praxis\/menuepunkt-4\/","title":{"rendered":"Notdienst"},"content":{"rendered":"<h3><span style=\"color: #21759b;\"><a href=\"https:\/\/www.praxis-feltes.de\/praxis\/wp-content\/uploads\/2015\/04\/praxis_pan_05.jpg\"><img loading=\"lazy\" decoding=\"async\" class=\"alignnone size-full wp-image-151\" src=\"https:\/\/www.praxis-feltes.de\/praxis\/wp-content\/uploads\/2015\/04\/praxis_pan_05.jpg\" alt=\"praxis_pan_05\" width=\"1280\" height=\"410\" srcset=\"https:\/\/www.praxis-feltes.de\/praxis\/wp-content\/uploads\/2015\/04\/praxis_pan_05.jpg 1280w, https:\/\/www.praxis-feltes.de\/praxis\/wp-content\/uploads\/2015\/04\/praxis_pan_05-300x96.jpg 300w, https:\/\/www.praxis-feltes.de\/praxis\/wp-content\/uploads\/2015\/04\/praxis_pan_05-1024x328.jpg 1024w, https:\/\/www.praxis-feltes.de\/praxis\/wp-content\/uploads\/2015\/04\/praxis_pan_05-768x246.jpg 768w, https:\/\/www.praxis-feltes.de\/praxis\/wp-content\/uploads\/2015\/04\/praxis_pan_05-700x224.jpg 700w\" sizes=\"(max-width: 1280px) 100vw, 1280px\" \/><\/a>Notdienst<\/span><\/h3>\n<p>Brauchen Sie au\u00dferhalb der Sprechstunde Ihres Arztes medizinische Hilfe und besteht kein lebensbedrohlicher Notfall, ist der \u00e4rztliche Bereitschaftsdienst f\u00fcr Sie da.<br \/>\nDie Versorgung \u00fcbernimmt in diesem Fall die \u00e4rztliche Bereitschaftsdienstzentrale im Mutterhaus der Borrom\u00e4erinnen Trier.<\/p>\n<p>Diese erreichen Sie wie folgt:<\/p>\n<p>Adresse: <strong>Feldstra\u00dfe 16, 54290 Trier<\/strong><br \/>\nund unter der bundesweiten Nummer des \u00e4rztlichen Bereitschaftsdienstes <strong>116 117<\/strong><\/p>\n<p>Bereitschaftsdienstzeiten:<br \/>\nMontag 19:00 Uhr &#8211; Dienstag 07:00 Uhr<br \/>\nDienstag 19:00 Uhr &#8211; Mittwoch 07:00 Uhr<br \/>\nMittwoch 14:00 Uhr &#8211; Donnerstag 07:00 Uhr<br \/>\nDonnerstag 19:00 Uhr &#8211; Freitag 07:00 Uhr<br \/>\nFreitag 16:00 Uhr &#8211; Montag 07:00 Uhr<br \/>\nTag vor Feiertag 18:00 Uhr &#8211; N\u00e4chster Werktag 07:00 Uhr<\/p>\n<p><span style=\"text-decoration: underline;\">Hausbesuche:<\/span><br \/>\nIn dringenden Notf\u00e4llen wird nach einem Telefonat entschieden, ob ein Hausbesuch erfolgen muss oder die Behandlung in der Bereitschaftsdienstzentrale durchgef\u00fchrt werden kann.<\/p>\n<p>\u00dcber unseren Anrufbeantworter k\u00f6nnen Sie ebenfalls erfahren, an wen Sie sich in Notf\u00e4llen vertretungsweise wenden k\u00f6nnen.<\/p>\n<p>In lebensbedrohlichen Notf\u00e4llen rufen Sie bitte einen Notarzt unter <strong>112<\/strong> !<\/p>\n","protected":false},"excerpt":{"rendered":"<p>Notdienst Brauchen Sie au\u00dferhalb der Sprechstunde Ihres Arztes medizinische Hilfe und besteht kein lebensbedrohlicher Notfall, ist der \u00e4rztliche Bereitschaftsdienst f\u00fcr Sie da. Die Versorgung \u00fcbernimmt in diesem Fall die \u00e4rztliche Bereitschaftsdienstzentrale im Mutterhaus der Borrom\u00e4erinnen Trier. Diese erreichen Sie wie folgt: Adresse: Feldstra\u00dfe 16, 54290 Trier und unter der bundesweiten &#8230;<\/p>\n","protected":false},"author":1,"featured_media":0,"parent":0,"menu_order":4,"comment_status":"closed","ping_status":"open","template":"","meta":{"footnotes":""},"class_list":["post-31","page","type-page","status-publish","hentry","column","threecol"],"_links":{"self":[{"href":"https:\/\/www.praxis-feltes.de\/praxis\/wp-json\/wp\/v2\/pages\/31"}],"collection":[{"href":"https:\/\/www.praxis-feltes.de\/praxis\/wp-json\/wp\/v2\/pages"}],"about":[{"href":"https:\/\/www.praxis-feltes.de\/praxis\/wp-json\/wp\/v2\/types\/page"}],"author":[{"embeddable":true,"href":"https:\/\/www.praxis-feltes.de\/praxis\/wp-json\/wp\/v2\/users\/1"}],"replies":[{"embeddable":true,"href":"https:\/\/www.praxis-feltes.de\/praxis\/wp-json\/wp\/v2\/comments?post=31"}],"version-history":[{"count":11,"href":"https:\/\/www.praxis-feltes.de\/praxis\/wp-json\/wp\/v2\/pages\/31\/revisions"}],"predecessor-version":[{"id":739,"href":"https:\/\/www.praxis-feltes.de\/praxis\/wp-json\/wp\/v2\/pages\/31\/revisions\/739"}],"wp:attachment":[{"href":"https:\/\/www.praxis-feltes.de\/praxis\/wp-json\/wp\/v2\/media?parent=31"}],"curies":[{"name":"wp","href":"https:\/\/api.w.org\/{rel}","templated":true}]}}