{"id":29,"date":"2015-04-27T22:02:33","date_gmt":"2015-04-27T20:02:33","guid":{"rendered":"http:\/\/www.praxis-feltes.de\/praxis\/?page_id=29"},"modified":"2016-03-20T22:23:07","modified_gmt":"2016-03-20T21:23:07","slug":"die-praxis-2","status":"publish","type":"page","link":"https:\/\/www.praxis-feltes.de\/praxis\/die-praxis-2\/","title":{"rendered":"Die Praxis"},"content":{"rendered":"<h3><a href=\"https:\/\/www.praxis-feltes.de\/praxis\/wp-content\/uploads\/2015\/04\/praxis_pan_02.jpg\"><img loading=\"lazy\" decoding=\"async\" class=\"alignnone size-full wp-image-131\" src=\"https:\/\/www.praxis-feltes.de\/praxis\/wp-content\/uploads\/2015\/04\/praxis_pan_02.jpg\" alt=\"praxis_pan_02\" width=\"1280\" height=\"410\" srcset=\"https:\/\/www.praxis-feltes.de\/praxis\/wp-content\/uploads\/2015\/04\/praxis_pan_02.jpg 1280w, https:\/\/www.praxis-feltes.de\/praxis\/wp-content\/uploads\/2015\/04\/praxis_pan_02-300x96.jpg 300w, https:\/\/www.praxis-feltes.de\/praxis\/wp-content\/uploads\/2015\/04\/praxis_pan_02-1024x328.jpg 1024w, https:\/\/www.praxis-feltes.de\/praxis\/wp-content\/uploads\/2015\/04\/praxis_pan_02-700x224.jpg 700w\" sizes=\"(max-width: 1280px) 100vw, 1280px\" \/><\/a><span style=\"color: #21759b;\">Die Praxis<\/span><\/h3>\n<p>liegt im Zentrum von Schweich, direkt bei der Kirche St. Martin.<\/p>\n<p>Vor dem Haus befindet sich eine Bushaltestelle, hinter dem Haus sowie in der n\u00e4heren Umgebung befinden sich \u00f6ffentliche und kostenfreie Parkpl\u00e4tze. Denken Sie dort bitte daran, die Parkscheibe auszulegen.<\/p>\n<p>Die Praxis liegt im 2. Stock, ist aber mit einem Aufzug auch f\u00fcr gehbehinderte Menschen problemlos zu erreichen.<br \/>\nEinen Lageplan finden Sie im Men\u00fcpunkt &#8222;Anfahrt&#8220;.<\/p>\n<p>Werfen Sie auf folgenden Bildern einen Blick in die Praxisr\u00e4ume.<\/p>\n<p>\r\n\t\t\t\t\t\n\r\n\t\t\t\t\t<!-- START UNITE GALLERY 1.7.62 -->\r\n\t\t\t\t\t\r\n\t\t\t\t\n\t\t\t<div id='unitegallery_1_1' class='unite-gallery' style='margin:0px auto;'>\n\t\t\t\t\n\n\t\t\t\t\t\t<img alt=\"Wartezimmer\"\n\t\t\t\t\t\t     src=\"\" data-image=\"https:\/\/www.praxis-feltes.de\/praxis\/wp-content\/uploads\/2015\/07\/gallery_01.jpg\"\n\t\t\t\t\t\t     data-thumb=\"https:\/\/www.praxis-feltes.de\/praxis\/wp-content\/uploads\/2015\/07\/gallery_01-300x199.jpg\"\n\t\t\t\t\t\t     title=\"Wartezimmer\"\n\t\t\t\t\t\t     style=\"display:none\">\n\n\t\t\t\t\t\t<img alt=\"Empfang\"\n\t\t\t\t\t\t     src=\"\" data-image=\"https:\/\/www.praxis-feltes.de\/praxis\/wp-content\/uploads\/2015\/07\/gallery_02.jpg\"\n\t\t\t\t\t\t     data-thumb=\"https:\/\/www.praxis-feltes.de\/praxis\/wp-content\/uploads\/2015\/07\/gallery_02-300x199.jpg\"\n\t\t\t\t\t\t     title=\"Empfang\"\n\t\t\t\t\t\t     style=\"display:none\">\n\n\t\t\t\t\t\t<img alt=\"Sprechzimmer\"\n\t\t\t\t\t\t     src=\"\" data-image=\"https:\/\/www.praxis-feltes.de\/praxis\/wp-content\/uploads\/2015\/07\/gallery_03.jpg\"\n\t\t\t\t\t\t     data-thumb=\"https:\/\/www.praxis-feltes.de\/praxis\/wp-content\/uploads\/2015\/07\/gallery_03-300x199.jpg\"\n\t\t\t\t\t\t     title=\"Sprechzimmer\"\n\t\t\t\t\t\t     style=\"display:none\">\n\n\t\t\t\t\t\t<img alt=\"Behandlungsraum\"\n\t\t\t\t\t\t     src=\"\" data-image=\"https:\/\/www.praxis-feltes.de\/praxis\/wp-content\/uploads\/2015\/07\/gallery_04.jpg\"\n\t\t\t\t\t\t     data-thumb=\"https:\/\/www.praxis-feltes.de\/praxis\/wp-content\/uploads\/2015\/07\/gallery_04-300x199.jpg\"\n\t\t\t\t\t\t     title=\"Behandlungsraum\"\n\t\t\t\t\t\t     style=\"display:none\">\n\n\t\t\t\t\t\t<img alt=\"Behandlungsraum\"\n\t\t\t\t\t\t     src=\"\" data-image=\"https:\/\/www.praxis-feltes.de\/praxis\/wp-content\/uploads\/2015\/07\/gallery_05.jpg\"\n\t\t\t\t\t\t     data-thumb=\"https:\/\/www.praxis-feltes.de\/praxis\/wp-content\/uploads\/2015\/07\/gallery_05-300x199.jpg\"\n\t\t\t\t\t\t     title=\"Behandlungsraum\"\n\t\t\t\t\t\t     style=\"display:none\">\n\n\t\t\t\t\t\t<img alt=\"Motivation\"\n\t\t\t\t\t\t     src=\"\" data-image=\"https:\/\/www.praxis-feltes.de\/praxis\/wp-content\/uploads\/2015\/07\/gallery_06.jpg\"\n\t\t\t\t\t\t     data-thumb=\"https:\/\/www.praxis-feltes.de\/praxis\/wp-content\/uploads\/2015\/07\/gallery_06-199x300.jpg\"\n\t\t\t\t\t\t     title=\"Motivation\"\n\t\t\t\t\t\t     style=\"display:none\">\n\n\t\t\t\t\t\t<img alt=\"Behandlungsraum\"\n\t\t\t\t\t\t     src=\"\" data-image=\"https:\/\/www.praxis-feltes.de\/praxis\/wp-content\/uploads\/2015\/07\/gallery_07.jpg\"\n\t\t\t\t\t\t     data-thumb=\"https:\/\/www.praxis-feltes.de\/praxis\/wp-content\/uploads\/2015\/07\/gallery_07-300x199.jpg\"\n\t\t\t\t\t\t     title=\"Behandlungsraum\"\n\t\t\t\t\t\t     style=\"display:none\">\n\n\t\t\t\t\t\t<img alt=\"Ambiente\"\n\t\t\t\t\t\t     src=\"\" data-image=\"https:\/\/www.praxis-feltes.de\/praxis\/wp-content\/uploads\/2015\/07\/gallery_08.jpg\"\n\t\t\t\t\t\t     data-thumb=\"https:\/\/www.praxis-feltes.de\/praxis\/wp-content\/uploads\/2015\/07\/gallery_08-199x300.jpg\"\n\t\t\t\t\t\t     title=\"Ambiente\"\n\t\t\t\t\t\t     style=\"display:none\">\n\n\t\t\t\t\t\t<img alt=\"Dr. Birgit Feltes\"\n\t\t\t\t\t\t     src=\"\" data-image=\"https:\/\/www.praxis-feltes.de\/praxis\/wp-content\/uploads\/2015\/07\/gallery_09.jpg\"\n\t\t\t\t\t\t     data-thumb=\"https:\/\/www.praxis-feltes.de\/praxis\/wp-content\/uploads\/2015\/07\/gallery_09-300x199.jpg\"\n\t\t\t\t\t\t     title=\"Dr. Birgit Feltes\"\n\t\t\t\t\t\t     style=\"display:none\">\n\n\t\t\t\t\t\t<img alt=\"Ambiente\"\n\t\t\t\t\t\t     src=\"\" data-image=\"https:\/\/www.praxis-feltes.de\/praxis\/wp-content\/uploads\/2015\/07\/gallery_10.jpg\"\n\t\t\t\t\t\t     data-thumb=\"https:\/\/www.praxis-feltes.de\/praxis\/wp-content\/uploads\/2015\/07\/gallery_10-300x199.jpg\"\n\t\t\t\t\t\t     title=\"Ambiente\"\n\t\t\t\t\t\t     style=\"display:none\">\n\t\t\t<\/div>\n\n\t\t\t<script type='text\/javascript'>\n\t\t\t\twindow.onload = function(e) {\n\t\t\t\t\tif(typeof ugCheckForErrors == \"undefined\"){\n\t\t\t\t\t\tdocument.getElementById(\"unitegallery_1_1\").innerHTML = \"<span style='color:red'>Unite Gallery Error - gallery js and css files not included in the footer. Please make sure that wp_footer() function is added to your theme.<\/span>\";}\n\t\t\t\t\telse{ ugCheckForErrors(\"unitegallery_1_1\", \"jquery\");}\n\t\t\t\t};\n\t\t\t<\/script>\n\n\t\t\t<!-- END UNITEGALLERY --><\/p>\n","protected":false},"excerpt":{"rendered":"<p>Die Praxis liegt im Zentrum von Schweich, direkt bei der Kirche St. Martin. Vor dem Haus befindet sich eine Bushaltestelle, hinter dem Haus sowie in der n\u00e4heren Umgebung befinden sich \u00f6ffentliche und kostenfreie Parkpl\u00e4tze. Denken Sie dort bitte daran, die Parkscheibe auszulegen. Die Praxis liegt im 2. Stock, ist aber &#8230;<\/p>\n","protected":false},"author":1,"featured_media":0,"parent":0,"menu_order":2,"comment_status":"closed","ping_status":"open","template":"","meta":{"footnotes":""},"class_list":["post-29","page","type-page","status-publish","hentry","column","threecol"],"_links":{"self":[{"href":"https:\/\/www.praxis-feltes.de\/praxis\/wp-json\/wp\/v2\/pages\/29"}],"collection":[{"href":"https:\/\/www.praxis-feltes.de\/praxis\/wp-json\/wp\/v2\/pages"}],"about":[{"href":"https:\/\/www.praxis-feltes.de\/praxis\/wp-json\/wp\/v2\/types\/page"}],"author":[{"embeddable":true,"href":"https:\/\/www.praxis-feltes.de\/praxis\/wp-json\/wp\/v2\/users\/1"}],"replies":[{"embeddable":true,"href":"https:\/\/www.praxis-feltes.de\/praxis\/wp-json\/wp\/v2\/comments?post=29"}],"version-history":[{"count":25,"href":"https:\/\/www.praxis-feltes.de\/praxis\/wp-json\/wp\/v2\/pages\/29\/revisions"}],"predecessor-version":[{"id":320,"href":"https:\/\/www.praxis-feltes.de\/praxis\/wp-json\/wp\/v2\/pages\/29\/revisions\/320"}],"wp:attachment":[{"href":"https:\/\/www.praxis-feltes.de\/praxis\/wp-json\/wp\/v2\/media?parent=29"}],"curies":[{"name":"wp","href":"https:\/\/api.w.org\/{rel}","templated":true}]}}