{"id":23,"date":"2015-04-27T21:54:28","date_gmt":"2015-04-27T19:54:28","guid":{"rendered":"http:\/\/www.praxis-feltes.de\/praxis\/?page_id=23"},"modified":"2018-03-27T21:20:24","modified_gmt":"2018-03-27T19:20:24","slug":"ueber-mich","status":"publish","type":"page","link":"https:\/\/www.praxis-feltes.de\/praxis\/ueber-mich\/","title":{"rendered":"Die \u00c4rztin"},"content":{"rendered":"<h3><a href=\"https:\/\/www.praxis-feltes.de\/praxis\/wp-content\/uploads\/2015\/04\/aerztin_pan_01.jpg\"><img loading=\"lazy\" decoding=\"async\" class=\"alignnone size-full wp-image-128\" src=\"https:\/\/www.praxis-feltes.de\/praxis\/wp-content\/uploads\/2015\/04\/aerztin_pan_01.jpg\" alt=\"aerztin_pan_01\" width=\"1280\" height=\"410\" srcset=\"https:\/\/www.praxis-feltes.de\/praxis\/wp-content\/uploads\/2015\/04\/aerztin_pan_01.jpg 1280w, https:\/\/www.praxis-feltes.de\/praxis\/wp-content\/uploads\/2015\/04\/aerztin_pan_01-300x96.jpg 300w, https:\/\/www.praxis-feltes.de\/praxis\/wp-content\/uploads\/2015\/04\/aerztin_pan_01-1024x328.jpg 1024w, https:\/\/www.praxis-feltes.de\/praxis\/wp-content\/uploads\/2015\/04\/aerztin_pan_01-700x224.jpg 700w\" sizes=\"(max-width: 1280px) 100vw, 1280px\" \/><\/a><span style=\"color: #21759b;\">Dr. med. Birgit Feltes<\/span><\/h3>\n<p>Studium der Humanmedizin an der Justus-Liebig-Universit\u00e4t Gie\u00dfen und an der Universit\u00e4t Basel\/Schweiz als Deutsch-Schweizerische Doppelb\u00fcrgerin.<\/p>\n<p>Staatsexamen 1990.<\/p>\n<p>1991 Promotion an der Universit\u00e4t Basel auf dem Gebiet der Gyn\u00e4kologie.<\/p>\n<p>In der Schweiz t\u00e4tig als \u00c4rztin im Bereich Chirurgie, Urologie, Innere Medizin, Gyn\u00e4kologie und Geburtshilfe.<a href=\"https:\/\/www.praxis-feltes.de\/praxis\/wp-content\/uploads\/2015\/04\/aerztin_01.jpg\"><img loading=\"lazy\" decoding=\"async\" class=\"alignright wp-image-118 size-medium\" src=\"https:\/\/www.praxis-feltes.de\/praxis\/wp-content\/uploads\/2015\/04\/aerztin_01-300x225.jpg\" alt=\"\" width=\"300\" height=\"225\" srcset=\"https:\/\/www.praxis-feltes.de\/praxis\/wp-content\/uploads\/2015\/04\/aerztin_01-300x225.jpg 300w, https:\/\/www.praxis-feltes.de\/praxis\/wp-content\/uploads\/2015\/04\/aerztin_01.jpg 1024w, https:\/\/www.praxis-feltes.de\/praxis\/wp-content\/uploads\/2015\/04\/aerztin_01-700x525.jpg 700w\" sizes=\"(max-width: 300px) 100vw, 300px\" \/><\/a><\/p>\n<p>Durch Heirat Verlegung des Lebensmittelpunktes nach Trier.<\/p>\n<p>1997 Niederlassung als Fach\u00e4rztin f\u00fcr Allgemeinmedizin in Schweich.<\/p>\n<p>Mitglied im Deutschen Haus\u00e4rzteverband e.V., in der Vertrags\u00e4rztlichen Vereinigung Trier e.V. und im Mediverbund S\u00fcdwest sowie in der Deutschen Gesellschaft f\u00fcr Manuelle Medizin.<\/p>\n<h4><span style=\"color: #21759b;\">Zusatz &#8211; Weiterbildungen:<\/span><\/h4>\n<p>&#8211; \u00c4rztin f\u00fcr Manuelle Medizin (Chirotherapie)<br \/>\n&#8211; Fachkunde Ultraschalldiagnostik Abdomen und Schilddr\u00fcse<br \/>\n&#8211; Fachkunde Rettungsdienst<br \/>\n&#8211; Fachkunde Geriatrie<\/p>\n","protected":false},"excerpt":{"rendered":"<p>Dr. med. Birgit Feltes Studium der Humanmedizin an der Justus-Liebig-Universit\u00e4t Gie\u00dfen und an der Universit\u00e4t Basel\/Schweiz als Deutsch-Schweizerische Doppelb\u00fcrgerin. Staatsexamen 1990. 1991 Promotion an der Universit\u00e4t Basel auf dem Gebiet der Gyn\u00e4kologie. In der Schweiz t\u00e4tig als \u00c4rztin im Bereich Chirurgie, Urologie, Innere Medizin, Gyn\u00e4kologie und Geburtshilfe. Durch Heirat Verlegung &#8230;<\/p>\n","protected":false},"author":1,"featured_media":0,"parent":0,"menu_order":1,"comment_status":"closed","ping_status":"closed","template":"","meta":{"footnotes":""},"class_list":["post-23","page","type-page","status-publish","hentry","column","threecol"],"_links":{"self":[{"href":"https:\/\/www.praxis-feltes.de\/praxis\/wp-json\/wp\/v2\/pages\/23"}],"collection":[{"href":"https:\/\/www.praxis-feltes.de\/praxis\/wp-json\/wp\/v2\/pages"}],"about":[{"href":"https:\/\/www.praxis-feltes.de\/praxis\/wp-json\/wp\/v2\/types\/page"}],"author":[{"embeddable":true,"href":"https:\/\/www.praxis-feltes.de\/praxis\/wp-json\/wp\/v2\/users\/1"}],"replies":[{"embeddable":true,"href":"https:\/\/www.praxis-feltes.de\/praxis\/wp-json\/wp\/v2\/comments?post=23"}],"version-history":[{"count":22,"href":"https:\/\/www.praxis-feltes.de\/praxis\/wp-json\/wp\/v2\/pages\/23\/revisions"}],"predecessor-version":[{"id":410,"href":"https:\/\/www.praxis-feltes.de\/praxis\/wp-json\/wp\/v2\/pages\/23\/revisions\/410"}],"wp:attachment":[{"href":"https:\/\/www.praxis-feltes.de\/praxis\/wp-json\/wp\/v2\/media?parent=23"}],"curies":[{"name":"wp","href":"https:\/\/api.w.org\/{rel}","templated":true}]}}